{"id":18,"date":"2022-09-03T18:04:41","date_gmt":"2022-09-03T18:04:41","guid":{"rendered":"https:\/\/grupoconstructoramonserrate.co\/?page_id=18"},"modified":"2022-09-22T02:22:54","modified_gmt":"2022-09-22T02:22:54","slug":"quienes-somos-2","status":"publish","type":"page","link":"https:\/\/grupoconstructoramonserrate.co\/index.php\/quienes-somos-2\/","title":{"rendered":"QUIENES SOMOS"},"content":{"rendered":"\n<p><strong>Grupo Constructora Monserrate S.A.S. <\/strong><strong>(GCM) <\/strong>es una Empresa colombiana, visionaria que proyecta, dise\u00f1a, estructura, comercializa y desarrolla proyectos de vivienda con calidad y responsabilidad.<\/p>\n\n\n\n<p>GCM fue constituida en el a\u00f1o 2010, en la ciudad de Bucaramanga y desde entonces, venimos trabajando pensando en el bienestar, confort y necesidades de nuestros clientes.<\/p>\n\n\n\n<p>Hemos desarrollado proyectos de vivienda en la ciudad de Bucaramanga, en el municipio de Floridablanca y pr\u00f3ximamente en los municipios de Gir\u00f3n y Piedecuesta. Brindando buenos espacios, excelentes acabados y ubicaci\u00f3n central.<\/p>\n\n\n\n<p class=\"has-text-align-center has-white-color has-luminous-vivid-amber-background-color has-text-color has-background\">&nbsp;<strong>MISI\u00d3N:<\/strong><\/p>\n\n\n\n<p class=\"has-text-align-left\">Construir proyectos de gran calidad de espacios, materiales certificados, excelentes ubicaciones que promuevan el desarrollo del sector y valorice la inversi\u00f3n de nuestros clientes.<\/p>\n\n\n\n<p class=\"has-text-align-center has-white-color has-luminous-vivid-amber-background-color has-text-color has-background\"><strong>&nbsp;VISI\u00d3N:<\/strong><\/p>\n\n\n\n<p><br>Ser una reconocida Empresa Constructora, que Dise\u00f1a, Desarrolla,&nbsp;Comercializa y Construye Proyectos de Vivienda,&nbsp;donde se crean Espacios Agradables, Confortables y Amables para satisfacer plenamente las necesidades de la Gente y del medio ambiente.<\/p>\n\n\n\n<p class=\"has-text-align-center has-white-color has-luminous-vivid-amber-background-color has-text-color has-background\"><strong>OBJETIVOS<\/strong>:<\/p>\n\n\n\n<p>Posicionar la Empresa en el departamento, sus municipios cercanos y posteriormente a nivel nacional, con el aporte de mejorar la perspectiva urbana de las ciudades y creando espacios confortables tanto al interior de nuestros proyectos como al exterior de ellos.<\/p>\n","protected":false},"excerpt":{"rendered":"<p>Grupo Constructora Monserrate S.A.S. (GCM) es una Empresa colombiana, visionaria que proyecta, dise\u00f1a, estructura, comercializa y desarrolla proyectos de vivienda con calidad y responsabilidad. GCM fue constituida en el a\u00f1o 2010, en la ciudad de Bucaramanga y desde entonces, venimos trabajando pensando en el bienestar, confort y necesidades de nuestros clientes. Hemos desarrollado proyectos de vivienda en la ciudad de [&hellip;]<\/p>\n","protected":false},"author":1,"featured_media":0,"parent":0,"menu_order":0,"comment_status":"closed","ping_status":"closed","template":"","meta":{"om_disable_all_campaigns":false,"_monsterinsights_skip_tracking":false,"_monsterinsights_sitenote_active":false,"_monsterinsights_sitenote_note":"","_monsterinsights_sitenote_category":0,"_themeisle_gutenberg_block_has_review":false,"_joinchat":[],"footnotes":""},"class_list":["post-18","page","type-page","status-publish","hentry"],"aioseo_notices":[],"_links":{"self":[{"href":"https:\/\/grupoconstructoramonserrate.co\/index.php\/wp-json\/wp\/v2\/pages\/18","targetHints":{"allow":["GET"]}}],"collection":[{"href":"https:\/\/grupoconstructoramonserrate.co\/index.php\/wp-json\/wp\/v2\/pages"}],"about":[{"href":"https:\/\/grupoconstructoramonserrate.co\/index.php\/wp-json\/wp\/v2\/types\/page"}],"author":[{"embeddable":true,"href":"https:\/\/grupoconstructoramonserrate.co\/index.php\/wp-json\/wp\/v2\/users\/1"}],"replies":[{"embeddable":true,"href":"https:\/\/grupoconstructoramonserrate.co\/index.php\/wp-json\/wp\/v2\/comments?post=18"}],"version-history":[{"count":7,"href":"https:\/\/grupoconstructoramonserrate.co\/index.php\/wp-json\/wp\/v2\/pages\/18\/revisions"}],"predecessor-version":[{"id":187,"href":"https:\/\/grupoconstructoramonserrate.co\/index.php\/wp-json\/wp\/v2\/pages\/18\/revisions\/187"}],"wp:attachment":[{"href":"https:\/\/grupoconstructoramonserrate.co\/index.php\/wp-json\/wp\/v2\/media?parent=18"}],"curies":[{"name":"wp","href":"https:\/\/api.w.org\/{rel}","templated":true}]}}