{"id":2,"date":"2022-09-03T00:30:02","date_gmt":"2022-09-03T00:30:02","guid":{"rendered":"https:\/\/grupoconstructoramonserrate.co\/?page_id=2"},"modified":"2022-10-11T16:44:42","modified_gmt":"2022-10-11T16:44:42","slug":"proyectos-construidos","status":"publish","type":"page","link":"https:\/\/grupoconstructoramonserrate.co\/index.php\/proyectos-construidos\/","title":{"rendered":"PROYECTOS CONSTRUIDOS"},"content":{"rendered":"\n<div class=\"wp-block-columns alignfull is-layout-flex wp-container-core-columns-is-layout-9d6595d7 wp-block-columns-is-layout-flex\">\n<div class=\"wp-block-column is-layout-flow wp-block-column-is-layout-flow\">\n<div class=\"wp-block-cover is-light\"><span aria-hidden=\"true\" class=\"wp-block-cover__background has-white-background-color has-background-dim\"><\/span><div class=\"wp-block-cover__inner-container is-layout-flow wp-block-cover-is-layout-flow\">\n<div class=\"wp-block-group has-small-font-size\"><div class=\"wp-block-group__inner-container is-layout-flow wp-block-group-is-layout-flow\">\n<div class=\"wp-block-columns is-layout-flex wp-container-core-columns-is-layout-9d6595d7 wp-block-columns-is-layout-flex\">\n<div class=\"wp-block-column is-vertically-aligned-top is-layout-flow wp-block-column-is-layout-flow\" style=\"flex-basis:200%\">\n<div class=\"wp-block-columns alignwide is-layout-flex wp-container-core-columns-is-layout-9d6595d7 wp-block-columns-is-layout-flex\">\n<div class=\"wp-block-column is-vertically-aligned-top has-text-color has-background has-link-color wp-elements-e157a56c541847391f1b2ce75f58ab42 is-layout-flow wp-block-column-is-layout-flow\" style=\"background-color:#e8e8e8;color:#000000;padding-top:2em;padding-right:2em;padding-bottom:2em;padding-left:2em\">\n<h2 class=\"wp-block-heading\" id=\"single\" style=\"font-size:40px\"><strong><strong>Camino Real<\/strong><\/strong><\/h2>\n\n\n\n<figure class=\"wp-block-image size-full\"><img loading=\"lazy\" decoding=\"async\" width=\"1000\" height=\"1000\" src=\"https:\/\/grupoconstructoramonserrate.co\/wp-content\/uploads\/2022\/09\/01camino-real.jpg\" alt=\"\" class=\"wp-image-215\" srcset=\"https:\/\/grupoconstructoramonserrate.co\/wp-content\/uploads\/2022\/09\/01camino-real.jpg 1000w, https:\/\/grupoconstructoramonserrate.co\/wp-content\/uploads\/2022\/09\/01camino-real-300x300.jpg 300w, https:\/\/grupoconstructoramonserrate.co\/wp-content\/uploads\/2022\/09\/01camino-real-150x150.jpg 150w, https:\/\/grupoconstructoramonserrate.co\/wp-content\/uploads\/2022\/09\/01camino-real-768x768.jpg 768w\" sizes=\"auto, (max-width: 1000px) 100vw, 1000px\" \/><\/figure>\n\n\n\n<p class=\"has-normal-font-size\" style=\"line-height:1.5\"><strong>Conjunto Residencial (A\u00f1o 2.004)<\/strong> <\/p>\n\n\n\n<hr class=\"wp-block-separator has-text-color has-css-opacity has-background is-style-wide\" style=\"background-color:#000000;color:#000000\"\/>\n\n\n\n<ul class=\"wp-block-list\" id=\"block-867f0a16-422e-45cd-bdf2-49e9ee68f390\"><li>Ubicado en la Cra. 32 No. 110 &#8211; 15 del Municipio de Floridablanca.<\/li><li>Torre de 25 aptos<\/li><li>Zona de parqueaderos, porter\u00eda, juegos infantiles.<\/li><\/ul>\n\n\n\n<div class=\"wp-block-buttons alignfull is-horizontal is-content-justification-center is-layout-flex wp-container-core-buttons-is-layout-499968f5 wp-block-buttons-is-layout-flex\">\n<div class=\"wp-block-button has-custom-width wp-block-button__width-100 is-style-fill\"><a class=\"wp-block-button__link has-white-color has-luminous-vivid-amber-background-color has-text-color has-background\" href=\"https:\/\/grupoconstructoramonserrate.co\/index.php\/camino-real\/\">ver<\/a><\/div>\n<\/div>\n<\/div>\n\n\n\n<div class=\"wp-block-column is-vertically-aligned-top has-text-color has-background has-link-color wp-elements-dedfd66eb6833b3741176e69db3080aa is-layout-flow wp-block-column-is-layout-flow\" style=\"background-color:#dddddd;color:#000000;padding-top:2em;padding-right:2em;padding-bottom:2em;padding-left:2em\">\n<h2 class=\"wp-block-heading\" id=\"family\" style=\"font-size:40px\"><strong><font style=\"vertical-align: inherit;\"><font style=\"vertical-align: inherit;\">Torre Davinci<\/font><\/font><\/strong><\/h2>\n\n\n\n<figure class=\"wp-block-image size-full\"><img loading=\"lazy\" decoding=\"async\" width=\"1000\" height=\"1000\" src=\"https:\/\/grupoconstructoramonserrate.co\/wp-content\/uploads\/2022\/09\/01torreDAVINCI.jpg\" alt=\"\" class=\"wp-image-216\" srcset=\"https:\/\/grupoconstructoramonserrate.co\/wp-content\/uploads\/2022\/09\/01torreDAVINCI.jpg 1000w, https:\/\/grupoconstructoramonserrate.co\/wp-content\/uploads\/2022\/09\/01torreDAVINCI-300x300.jpg 300w, https:\/\/grupoconstructoramonserrate.co\/wp-content\/uploads\/2022\/09\/01torreDAVINCI-150x150.jpg 150w, https:\/\/grupoconstructoramonserrate.co\/wp-content\/uploads\/2022\/09\/01torreDAVINCI-768x768.jpg 768w\" sizes=\"auto, (max-width: 1000px) 100vw, 1000px\" \/><\/figure>\n\n\n\n<p class=\"has-normal-font-size\" style=\"line-height:1.5\"><strong><strong>(A\u00f1o 2.010 \u2013 2.011)<\/strong><\/strong><\/p>\n\n\n\n<hr class=\"wp-block-separator has-css-opacity is-style-wide\"\/>\n\n\n\n<ul class=\"has-normal-font-size wp-block-list\"><li>Ubicado en la Calle 100 No. 23-17 Provenza del municipio de Bucaramanga<\/li><li>Torre de 25 aptos<\/li><li>2 niveles de parqueaderos, porter\u00eda, BBQ, sauna y turco, terraza, gimnasio.<\/li><\/ul>\n\n\n\n<div class=\"wp-block-buttons alignfull is-horizontal is-content-justification-center is-layout-flex wp-container-core-buttons-is-layout-499968f5 wp-block-buttons-is-layout-flex\">\n<div class=\"wp-block-button has-custom-width wp-block-button__width-100 is-style-fill\"><a class=\"wp-block-button__link has-white-color has-luminous-vivid-amber-background-color has-text-color has-background\" href=\"https:\/\/grupoconstructoramonserrate.co\/index.php\/torre-davinci\/\">ver<\/a><\/div>\n<\/div>\n<\/div>\n\n\n\n<div class=\"wp-block-column is-vertically-aligned-top has-text-color has-background has-link-color wp-elements-608fcca025ffcbbb584158fa0099f14e is-layout-flow wp-block-column-is-layout-flow\" style=\"background-color:#d1d1d1;color:#000000;padding-top:2em;padding-right:2em;padding-bottom:2em;padding-left:2em\">\n<h2 class=\"wp-block-heading\" id=\"patron\" style=\"font-size:40px\"><strong><strong>Palmas de la Frontera Etapa I<\/strong><\/strong><\/h2>\n\n\n\n<figure class=\"wp-block-image size-full\"><img loading=\"lazy\" decoding=\"async\" width=\"1000\" height=\"1000\" src=\"https:\/\/grupoconstructoramonserrate.co\/wp-content\/uploads\/2022\/10\/Palmas-de-la-Frontera-Etapa-Ic.jpg\" alt=\"\" class=\"wp-image-435\" srcset=\"https:\/\/grupoconstructoramonserrate.co\/wp-content\/uploads\/2022\/10\/Palmas-de-la-Frontera-Etapa-Ic.jpg 1000w, https:\/\/grupoconstructoramonserrate.co\/wp-content\/uploads\/2022\/10\/Palmas-de-la-Frontera-Etapa-Ic-300x300.jpg 300w, https:\/\/grupoconstructoramonserrate.co\/wp-content\/uploads\/2022\/10\/Palmas-de-la-Frontera-Etapa-Ic-150x150.jpg 150w, https:\/\/grupoconstructoramonserrate.co\/wp-content\/uploads\/2022\/10\/Palmas-de-la-Frontera-Etapa-Ic-768x768.jpg 768w\" sizes=\"auto, (max-width: 1000px) 100vw, 1000px\" \/><\/figure>\n\n\n\n<p class=\"has-normal-font-size\"><strong><strong>(Floridablanca, <strong><strong>Bucaramanga<\/strong><\/strong>) (A\u00f1o 2.014)<\/strong><\/strong><\/p>\n\n\n\n<hr class=\"wp-block-separator has-css-opacity is-style-wide\"\/>\n\n\n\n<ul class=\"has-normal-font-size wp-block-list\"><li>Ubicado en la Cra. 32 No. 110-40 del Municipio de Floridablanca.<\/li><li>Torre de 72 apartamentos.<\/li><li>3 niveles de parqueaderos, parqueaderos privados 1\/1, &nbsp;parqueadero de visitantes, dep\u00f3sitos, ascensor, porter\u00eda, Juegos infantiles, BBQ, Local comercial, Sal\u00f3n Social<\/li><\/ul>\n\n\n\n<div class=\"wp-block-buttons alignfull is-horizontal is-content-justification-center is-layout-flex wp-container-core-buttons-is-layout-499968f5 wp-block-buttons-is-layout-flex\">\n<div class=\"wp-block-button has-custom-width wp-block-button__width-100\"><a class=\"wp-block-button__link has-white-color has-luminous-vivid-amber-background-color has-text-color has-background\" href=\"https:\/\/grupoconstructoramonserrate.co\/index.php\/proyectos-construidos\/palmas-de-la-frontera-etapa-1\/\">ver<\/a><\/div>\n<\/div>\n<\/div>\n\n\n\n<div class=\"wp-block-column is-vertically-aligned-top has-text-color has-background has-link-color wp-elements-e56f2ff47cb3b7dae0e4cd9922cdd638 is-layout-flow wp-block-column-is-layout-flow\" style=\"background-color:#afafaf;color:#000000;padding-top:2em;padding-right:2em;padding-bottom:2em;padding-left:2em\">\n<h2 class=\"wp-block-heading\" id=\"patron\" style=\"font-size:40px\"><strong><strong>Palmas de la Frontera Etapa II<\/strong><\/strong><\/h2>\n\n\n\n<figure class=\"wp-block-image size-full\"><img loading=\"lazy\" decoding=\"async\" width=\"1000\" height=\"1000\" src=\"https:\/\/grupoconstructoramonserrate.co\/wp-content\/uploads\/2022\/10\/Palmas-de-la-Frontera-Etapa-II-copia.jpg\" alt=\"\" class=\"wp-image-424\" srcset=\"https:\/\/grupoconstructoramonserrate.co\/wp-content\/uploads\/2022\/10\/Palmas-de-la-Frontera-Etapa-II-copia.jpg 1000w, https:\/\/grupoconstructoramonserrate.co\/wp-content\/uploads\/2022\/10\/Palmas-de-la-Frontera-Etapa-II-copia-300x300.jpg 300w, https:\/\/grupoconstructoramonserrate.co\/wp-content\/uploads\/2022\/10\/Palmas-de-la-Frontera-Etapa-II-copia-150x150.jpg 150w, https:\/\/grupoconstructoramonserrate.co\/wp-content\/uploads\/2022\/10\/Palmas-de-la-Frontera-Etapa-II-copia-768x768.jpg 768w\" sizes=\"auto, (max-width: 1000px) 100vw, 1000px\" \/><\/figure>\n\n\n\n<p class=\"has-normal-font-size\"><strong><strong>(<strong><strong>Floridablanca<\/strong><\/strong><\/strong><\/strong>, <strong><strong>Bucaramanga) (A\u00f1o 2.017)<\/strong><\/strong><\/p>\n\n\n\n<hr class=\"wp-block-separator has-css-opacity is-style-wide\"\/>\n\n\n\n<ul class=\"has-normal-font-size wp-block-list\"><li>Ubicado en la Cra 32 No. 109 A 30 del Municipio de Floridablanca.<\/li><li>Torre de 88 apartamentos.<\/li><li>4 niveles de parqueaderos, parqueaderos privados 1\/1, parqueadero de visitantes, dep\u00f3sitos, 2 ascensores, porter\u00eda, piscina adultos y ni\u00f1os, turco, gimnasio, zona h\u00fameda, locales comerciales, Sal\u00f3n Social, Terraza.<\/li><\/ul>\n\n\n\n<div class=\"wp-block-buttons alignfull is-horizontal is-content-justification-center is-layout-flex wp-container-core-buttons-is-layout-499968f5 wp-block-buttons-is-layout-flex\">\n<div class=\"wp-block-button has-custom-width wp-block-button__width-100\"><a class=\"wp-block-button__link has-white-color has-luminous-vivid-amber-background-color has-text-color has-background\" href=\"https:\/\/grupoconstructoramonserrate.co\/index.php\/proyectos-construidos\/palmas-de-la-frontera-etapa-2\/\">ver<\/a><\/div>\n<\/div>\n<\/div>\n<\/div>\n<\/div>\n<\/div>\n<\/div><\/div>\n<\/div><\/div>\n<\/div>\n<\/div>\n","protected":false},"excerpt":{"rendered":"","protected":false},"author":1,"featured_media":9,"parent":0,"menu_order":0,"comment_status":"closed","ping_status":"closed","template":"page-templates\/full-width.php","meta":{"om_disable_all_campaigns":false,"_monsterinsights_skip_tracking":false,"_monsterinsights_sitenote_active":false,"_monsterinsights_sitenote_note":"","_monsterinsights_sitenote_category":0,"_themeisle_gutenberg_block_has_review":false,"_joinchat":[],"footnotes":""},"class_list":["post-2","page","type-page","status-publish","has-post-thumbnail","hentry"],"aioseo_notices":[],"_links":{"self":[{"href":"https:\/\/grupoconstructoramonserrate.co\/index.php\/wp-json\/wp\/v2\/pages\/2","targetHints":{"allow":["GET"]}}],"collection":[{"href":"https:\/\/grupoconstructoramonserrate.co\/index.php\/wp-json\/wp\/v2\/pages"}],"about":[{"href":"https:\/\/grupoconstructoramonserrate.co\/index.php\/wp-json\/wp\/v2\/types\/page"}],"author":[{"embeddable":true,"href":"https:\/\/grupoconstructoramonserrate.co\/index.php\/wp-json\/wp\/v2\/users\/1"}],"replies":[{"embeddable":true,"href":"https:\/\/grupoconstructoramonserrate.co\/index.php\/wp-json\/wp\/v2\/comments?post=2"}],"version-history":[{"count":35,"href":"https:\/\/grupoconstructoramonserrate.co\/index.php\/wp-json\/wp\/v2\/pages\/2\/revisions"}],"predecessor-version":[{"id":482,"href":"https:\/\/grupoconstructoramonserrate.co\/index.php\/wp-json\/wp\/v2\/pages\/2\/revisions\/482"}],"wp:featuredmedia":[{"embeddable":true,"href":"https:\/\/grupoconstructoramonserrate.co\/index.php\/wp-json\/wp\/v2\/media\/9"}],"wp:attachment":[{"href":"https:\/\/grupoconstructoramonserrate.co\/index.php\/wp-json\/wp\/v2\/media?parent=2"}],"curies":[{"name":"wp","href":"https:\/\/api.w.org\/{rel}","templated":true}]}}