{"id":254,"date":"2022-09-22T03:34:32","date_gmt":"2022-09-22T03:34:32","guid":{"rendered":"https:\/\/grupoconstructoramonserrate.co\/?page_id=254"},"modified":"2022-11-02T14:59:25","modified_gmt":"2022-11-02T14:59:25","slug":"palmas-de-la-frontera-etapa-1","status":"publish","type":"page","link":"https:\/\/grupoconstructoramonserrate.co\/index.php\/proyectos-construidos\/palmas-de-la-frontera-etapa-1\/","title":{"rendered":"Palmas de la Frontera Etapa I"},"content":{"rendered":"\t\t<div data-elementor-type=\"wp-page\" data-elementor-id=\"254\" class=\"elementor elementor-254\">\n\t\t\t\t\t\t\t\t\t<section class=\"elementor-section elementor-top-section elementor-element elementor-element-a9cf35e elementor-section-boxed elementor-section-height-default elementor-section-height-default\" data-id=\"a9cf35e\" data-element_type=\"section\">\n\t\t\t\t\t\t<div class=\"elementor-container elementor-column-gap-default\">\n\t\t\t\t\t<div class=\"elementor-column elementor-col-50 elementor-top-column elementor-element elementor-element-9196b97\" data-id=\"9196b97\" data-element_type=\"column\">\n\t\t\t<div class=\"elementor-widget-wrap elementor-element-populated\">\n\t\t\t\t\t\t\t\t<div class=\"elementor-element elementor-element-1974c8f elementor-widget elementor-widget-image\" data-id=\"1974c8f\" data-element_type=\"widget\" data-widget_type=\"image.default\">\n\t\t\t\t<div class=\"elementor-widget-container\">\n\t\t\t<style>\/*! elementor - v3.7.7 - 20-09-2022 *\/\n.elementor-widget-image{text-align:center}.elementor-widget-image a{display:inline-block}.elementor-widget-image a img[src$=\".svg\"]{width:48px}.elementor-widget-image img{vertical-align:middle;display:inline-block}<\/style>\t\t\t\t\t\t\t\t\t\t\t\t<img loading=\"lazy\" decoding=\"async\" width=\"640\" height=\"541\" src=\"https:\/\/grupoconstructoramonserrate.co\/wp-content\/uploads\/2022\/10\/Palmas-de-la-Frontera-Etapa-Ia-1024x865.jpg\" class=\"attachment-large size-large\" alt=\"Palmas I\" srcset=\"https:\/\/grupoconstructoramonserrate.co\/wp-content\/uploads\/2022\/10\/Palmas-de-la-Frontera-Etapa-Ia-1024x865.jpg 1024w, https:\/\/grupoconstructoramonserrate.co\/wp-content\/uploads\/2022\/10\/Palmas-de-la-Frontera-Etapa-Ia-300x253.jpg 300w, https:\/\/grupoconstructoramonserrate.co\/wp-content\/uploads\/2022\/10\/Palmas-de-la-Frontera-Etapa-Ia-768x648.jpg 768w, https:\/\/grupoconstructoramonserrate.co\/wp-content\/uploads\/2022\/10\/Palmas-de-la-Frontera-Etapa-Ia-1536x1297.jpg 1536w, https:\/\/grupoconstructoramonserrate.co\/wp-content\/uploads\/2022\/10\/Palmas-de-la-Frontera-Etapa-Ia-2048x1729.jpg 2048w\" sizes=\"auto, (max-width: 640px) 100vw, 640px\" \/>\t\t\t\t\t\t\t\t\t\t\t\t\t\t\t<\/div>\n\t\t\t\t<\/div>\n\t\t\t\t\t<\/div>\n\t\t<\/div>\n\t\t\t\t<div class=\"elementor-column elementor-col-50 elementor-top-column elementor-element elementor-element-3ca55a2\" data-id=\"3ca55a2\" data-element_type=\"column\">\n\t\t\t<div class=\"elementor-widget-wrap elementor-element-populated\">\n\t\t\t\t\t\t\t\t<div class=\"elementor-element elementor-element-ee5e4aa elementor-widget elementor-widget-heading\" data-id=\"ee5e4aa\" data-element_type=\"widget\" data-widget_type=\"heading.default\">\n\t\t\t\t<div class=\"elementor-widget-container\">\n\t\t\t<style>\/*! elementor - v3.7.7 - 20-09-2022 *\/\n.elementor-heading-title{padding:0;margin:0;line-height:1}.elementor-widget-heading .elementor-heading-title[class*=elementor-size-]>a{color:inherit;font-size:inherit;line-height:inherit}.elementor-widget-heading .elementor-heading-title.elementor-size-small{font-size:15px}.elementor-widget-heading .elementor-heading-title.elementor-size-medium{font-size:19px}.elementor-widget-heading .elementor-heading-title.elementor-size-large{font-size:29px}.elementor-widget-heading .elementor-heading-title.elementor-size-xl{font-size:39px}.elementor-widget-heading .elementor-heading-title.elementor-size-xxl{font-size:59px}<\/style><h2 class=\"elementor-heading-title elementor-size-default\">Palmas de la Frontera Etapa I<\/h2>\t\t<\/div>\n\t\t\t\t<\/div>\n\t\t\t\t<div class=\"elementor-element elementor-element-af5f55e elementor-widget elementor-widget-heading\" data-id=\"af5f55e\" data-element_type=\"widget\" data-widget_type=\"heading.default\">\n\t\t\t\t<div class=\"elementor-widget-container\">\n\t\t\t<h4 class=\"elementor-heading-title elementor-size-default\">(Floridablanca, Santander) (A\u00f1o 2.014)<\/h4>\t\t<\/div>\n\t\t\t\t<\/div>\n\t\t\t\t<div class=\"elementor-element elementor-element-ee7aaf5 elementor-widget elementor-widget-text-editor\" data-id=\"ee7aaf5\" data-element_type=\"widget\" data-widget_type=\"text-editor.default\">\n\t\t\t\t<div class=\"elementor-widget-container\">\n\t\t\t<style>\/*! elementor - v3.7.7 - 20-09-2022 *\/\n.elementor-widget-text-editor.elementor-drop-cap-view-stacked .elementor-drop-cap{background-color:#818a91;color:#fff}.elementor-widget-text-editor.elementor-drop-cap-view-framed .elementor-drop-cap{color:#818a91;border:3px solid;background-color:transparent}.elementor-widget-text-editor:not(.elementor-drop-cap-view-default) .elementor-drop-cap{margin-top:8px}.elementor-widget-text-editor:not(.elementor-drop-cap-view-default) .elementor-drop-cap-letter{width:1em;height:1em}.elementor-widget-text-editor .elementor-drop-cap{float:left;text-align:center;line-height:1;font-size:50px}.elementor-widget-text-editor .elementor-drop-cap-letter{display:inline-block}<\/style>\t\t\t\t<ul><li>Ubicado en la Cra. 32 No. 110-40 del Municipio de Floridablanca.<\/li><li>Torre de 72 apartamentos.<\/li><li>3 niveles de parqueaderos,<\/li><li>parqueaderos privados 1\/1,<\/li><li>parqueadero de visitantes,<\/li><li>dep\u00f3sitos, ascensor, porter\u00eda,<\/li><li>Juegos infantiles, BBQ,<\/li><li>Local comercial, Sal\u00f3n Social<\/li><\/ul>\t\t\t\t\t\t<\/div>\n\t\t\t\t<\/div>\n\t\t\t\t\t<\/div>\n\t\t<\/div>\n\t\t\t\t\t\t\t<\/div>\n\t\t<\/section>\n\t\t\t\t<section class=\"elementor-section elementor-top-section elementor-element elementor-element-bf25493 elementor-section-boxed elementor-section-height-default elementor-section-height-default\" data-id=\"bf25493\" data-element_type=\"section\">\n\t\t\t\t\t\t<div class=\"elementor-container elementor-column-gap-default\">\n\t\t\t\t\t<div class=\"elementor-column elementor-col-50 elementor-top-column elementor-element elementor-element-dddb0e0\" data-id=\"dddb0e0\" data-element_type=\"column\">\n\t\t\t<div class=\"elementor-widget-wrap elementor-element-populated\">\n\t\t\t\t\t\t\t\t<div class=\"elementor-element elementor-element-e828fd6 elementor-widget elementor-widget-google_maps\" data-id=\"e828fd6\" data-element_type=\"widget\" data-widget_type=\"google_maps.default\">\n\t\t\t\t<div class=\"elementor-widget-container\">\n\t\t\t<style>\/*! elementor - v3.7.7 - 20-09-2022 *\/\n.elementor-widget-google_maps .elementor-widget-container{overflow:hidden}.elementor-widget-google_maps iframe{height:300px}<\/style>\t\t<div class=\"elementor-custom-embed\">\n\t\t\t<iframe frameborder=\"0\" scrolling=\"no\" marginheight=\"0\" marginwidth=\"0\"\n\t\t\t\t\tsrc=\"https:\/\/maps.google.com\/maps?q=Cra.%2032%20No.%20110%20-%2040%20Floridablanca%2C%20Santander&#038;t=m&#038;z=13&#038;output=embed&#038;iwloc=near\"\n\t\t\t\t\ttitle=\"Cra. 32 No. 110 - 40 Floridablanca, Santander\"\n\t\t\t\t\taria-label=\"Cra. 32 No. 110 - 40 Floridablanca, Santander\"\n\t\t\t><\/iframe>\n\t\t<\/div>\n\t\t\t\t<\/div>\n\t\t\t\t<\/div>\n\t\t\t\t\t<\/div>\n\t\t<\/div>\n\t\t\t\t<div class=\"elementor-column elementor-col-50 elementor-top-column elementor-element elementor-element-5c55418\" data-id=\"5c55418\" data-element_type=\"column\">\n\t\t\t<div class=\"elementor-widget-wrap\">\n\t\t\t\t\t\t\t\t\t<\/div>\n\t\t<\/div>\n\t\t\t\t\t\t\t<\/div>\n\t\t<\/section>\n\t\t\t\t<section class=\"elementor-section elementor-top-section elementor-element elementor-element-4614e1a elementor-section-boxed elementor-section-height-default elementor-section-height-default\" data-id=\"4614e1a\" data-element_type=\"section\">\n\t\t\t\t\t\t<div class=\"elementor-container elementor-column-gap-default\">\n\t\t\t\t\t<div class=\"elementor-column elementor-col-100 elementor-top-column elementor-element elementor-element-8b39f4f\" data-id=\"8b39f4f\" data-element_type=\"column\">\n\t\t\t<div class=\"elementor-widget-wrap elementor-element-populated\">\n\t\t\t\t\t\t\t\t<div class=\"elementor-element elementor-element-3fb2b71 elementor-nav-menu__align-justify elementor-nav-menu--dropdown-tablet elementor-nav-menu__text-align-aside elementor-nav-menu--toggle elementor-nav-menu--burger elementor-widget elementor-widget-nav-menu\" data-id=\"3fb2b71\" data-element_type=\"widget\" data-settings=\"{&quot;layout&quot;:&quot;horizontal&quot;,&quot;submenu_icon&quot;:{&quot;value&quot;:&quot;&lt;i class=\\&quot;fas fa-caret-down\\&quot;&gt;&lt;\\\/i&gt;&quot;,&quot;library&quot;:&quot;fa-solid&quot;},&quot;toggle&quot;:&quot;burger&quot;}\" data-widget_type=\"nav-menu.default\">\n\t\t\t\t<div class=\"elementor-widget-container\">\n\t\t\t<link rel=\"stylesheet\" href=\"https:\/\/grupoconstructoramonserrate.co\/wp-content\/plugins\/pro-elements\/assets\/css\/widget-nav-menu.min.css\">\t\t\t<nav migration_allowed=\"1\" migrated=\"0\" role=\"navigation\" class=\"elementor-nav-menu--main elementor-nav-menu__container elementor-nav-menu--layout-horizontal e--pointer-background e--animation-fade\">\n\t\t\t\t<ul id=\"menu-1-3fb2b71\" class=\"elementor-nav-menu\"><li class=\"menu-item menu-item-type-post_type menu-item-object-page menu-item-495\"><a href=\"https:\/\/grupoconstructoramonserrate.co\/index.php\/proyectos-construidos\/palmas-de-la-frontera-etapa-2\/\" class=\"elementor-item\">Palmas de la Frontera Etapa II\ufffc<\/a><\/li>\n<li class=\"menu-item menu-item-type-post_type menu-item-object-page menu-item-496\"><a href=\"https:\/\/grupoconstructoramonserrate.co\/index.php\/proyectos-construidos\/palmas-de-la-frontera-etapa-1\/\" class=\"elementor-item\">Palmas de la Frontera Etapa I<\/a><\/li>\n<li class=\"menu-item menu-item-type-post_type menu-item-object-page menu-item-497\"><a href=\"https:\/\/grupoconstructoramonserrate.co\/index.php\/proyectos-construidos\/torre-davinci\/\" class=\"elementor-item\">Torre Davinci<\/a><\/li>\n<li class=\"menu-item menu-item-type-post_type menu-item-object-page menu-item-498\"><a href=\"https:\/\/grupoconstructoramonserrate.co\/index.php\/proyectos-construidos\/camino-real\/\" class=\"elementor-item\">Camino Real<\/a><\/li>\n<\/ul>\t\t\t<\/nav>\n\t\t\t\t\t<div class=\"elementor-menu-toggle\" role=\"button\" tabindex=\"0\" aria-label=\"Menu Toggle\" aria-expanded=\"false\">\n\t\t\t<i aria-hidden=\"true\" role=\"presentation\" class=\"elementor-menu-toggle__icon--open eicon-menu-bar\"><\/i><i aria-hidden=\"true\" role=\"presentation\" class=\"elementor-menu-toggle__icon--close eicon-close\"><\/i>\t\t\t<span class=\"elementor-screen-only\">Menu<\/span>\n\t\t<\/div>\n\t\t\t<nav class=\"elementor-nav-menu--dropdown elementor-nav-menu__container\" role=\"navigation\" aria-hidden=\"true\">\n\t\t\t\t<ul id=\"menu-2-3fb2b71\" class=\"elementor-nav-menu\"><li class=\"menu-item menu-item-type-post_type menu-item-object-page menu-item-495\"><a href=\"https:\/\/grupoconstructoramonserrate.co\/index.php\/proyectos-construidos\/palmas-de-la-frontera-etapa-2\/\" class=\"elementor-item\" tabindex=\"-1\">Palmas de la Frontera Etapa II\ufffc<\/a><\/li>\n<li class=\"menu-item menu-item-type-post_type menu-item-object-page menu-item-496\"><a href=\"https:\/\/grupoconstructoramonserrate.co\/index.php\/proyectos-construidos\/palmas-de-la-frontera-etapa-1\/\" class=\"elementor-item\" tabindex=\"-1\">Palmas de la Frontera Etapa I<\/a><\/li>\n<li class=\"menu-item menu-item-type-post_type menu-item-object-page menu-item-497\"><a href=\"https:\/\/grupoconstructoramonserrate.co\/index.php\/proyectos-construidos\/torre-davinci\/\" class=\"elementor-item\" tabindex=\"-1\">Torre Davinci<\/a><\/li>\n<li class=\"menu-item menu-item-type-post_type menu-item-object-page menu-item-498\"><a href=\"https:\/\/grupoconstructoramonserrate.co\/index.php\/proyectos-construidos\/camino-real\/\" class=\"elementor-item\" tabindex=\"-1\">Camino Real<\/a><\/li>\n<\/ul>\t\t\t<\/nav>\n\t\t\t\t<\/div>\n\t\t\t\t<\/div>\n\t\t\t\t\t<\/div>\n\t\t<\/div>\n\t\t\t\t\t\t\t<\/div>\n\t\t<\/section>\n\t\t\t\t\t\t\t<\/div>\n\t\t","protected":false},"excerpt":{"rendered":"<p>Palmas de la Frontera Etapa I (Floridablanca, Santander) (A\u00f1o 2.014) Ubicado en la Cra. 32 No. 110-40 del Municipio de Floridablanca. Torre de 72 apartamentos. 3 niveles de parqueaderos, parqueaderos privados 1\/1, parqueadero de visitantes, dep\u00f3sitos, ascensor, porter\u00eda, Juegos infantiles, BBQ, Local comercial, Sal\u00f3n Social<\/p>\n","protected":false},"author":1,"featured_media":9,"parent":2,"menu_order":0,"comment_status":"closed","ping_status":"closed","template":"page-templates\/full-width.php","meta":{"om_disable_all_campaigns":false,"_monsterinsights_skip_tracking":false,"_monsterinsights_sitenote_active":false,"_monsterinsights_sitenote_note":"","_monsterinsights_sitenote_category":0,"_themeisle_gutenberg_block_has_review":false,"_joinchat":[],"footnotes":""},"class_list":["post-254","page","type-page","status-publish","has-post-thumbnail","hentry"],"aioseo_notices":[],"_links":{"self":[{"href":"https:\/\/grupoconstructoramonserrate.co\/index.php\/wp-json\/wp\/v2\/pages\/254","targetHints":{"allow":["GET"]}}],"collection":[{"href":"https:\/\/grupoconstructoramonserrate.co\/index.php\/wp-json\/wp\/v2\/pages"}],"about":[{"href":"https:\/\/grupoconstructoramonserrate.co\/index.php\/wp-json\/wp\/v2\/types\/page"}],"author":[{"embeddable":true,"href":"https:\/\/grupoconstructoramonserrate.co\/index.php\/wp-json\/wp\/v2\/users\/1"}],"replies":[{"embeddable":true,"href":"https:\/\/grupoconstructoramonserrate.co\/index.php\/wp-json\/wp\/v2\/comments?post=254"}],"version-history":[{"count":35,"href":"https:\/\/grupoconstructoramonserrate.co\/index.php\/wp-json\/wp\/v2\/pages\/254\/revisions"}],"predecessor-version":[{"id":579,"href":"https:\/\/grupoconstructoramonserrate.co\/index.php\/wp-json\/wp\/v2\/pages\/254\/revisions\/579"}],"up":[{"embeddable":true,"href":"https:\/\/grupoconstructoramonserrate.co\/index.php\/wp-json\/wp\/v2\/pages\/2"}],"wp:featuredmedia":[{"embeddable":true,"href":"https:\/\/grupoconstructoramonserrate.co\/index.php\/wp-json\/wp\/v2\/media\/9"}],"wp:attachment":[{"href":"https:\/\/grupoconstructoramonserrate.co\/index.php\/wp-json\/wp\/v2\/media?parent=254"}],"curies":[{"name":"wp","href":"https:\/\/api.w.org\/{rel}","templated":true}]}}