{"id":476,"date":"2022-10-11T16:36:28","date_gmt":"2022-10-11T16:36:28","guid":{"rendered":"https:\/\/grupoconstructoramonserrate.co\/?page_id=476"},"modified":"2022-10-11T18:20:53","modified_gmt":"2022-10-11T18:20:53","slug":"palmas-de-la-frontera-etapa-2","status":"publish","type":"page","link":"https:\/\/grupoconstructoramonserrate.co\/index.php\/proyectos-construidos\/palmas-de-la-frontera-etapa-2\/","title":{"rendered":"Palmas de la Frontera Etapa II\ufffc"},"content":{"rendered":"\t\t<div data-elementor-type=\"wp-page\" data-elementor-id=\"476\" class=\"elementor elementor-476\">\n\t\t\t\t\t\t\t\t\t<section class=\"elementor-section elementor-top-section elementor-element elementor-element-913795a elementor-section-boxed elementor-section-height-default elementor-section-height-default\" data-id=\"913795a\" data-element_type=\"section\">\n\t\t\t\t\t\t<div class=\"elementor-container elementor-column-gap-default\">\n\t\t\t\t\t<div class=\"elementor-column elementor-col-50 elementor-top-column elementor-element elementor-element-c5869fc\" data-id=\"c5869fc\" data-element_type=\"column\">\n\t\t\t<div class=\"elementor-widget-wrap elementor-element-populated\">\n\t\t\t\t\t\t\t\t<div class=\"elementor-element elementor-element-7b230f1 elementor-widget elementor-widget-image\" data-id=\"7b230f1\" data-element_type=\"widget\" data-widget_type=\"image.default\">\n\t\t\t\t<div class=\"elementor-widget-container\">\n\t\t\t<style>\/*! elementor - v3.7.7 - 20-09-2022 *\/\n.elementor-widget-image{text-align:center}.elementor-widget-image a{display:inline-block}.elementor-widget-image a img[src$=\".svg\"]{width:48px}.elementor-widget-image img{vertical-align:middle;display:inline-block}<\/style>\t\t\t\t\t\t\t\t\t\t\t\t<img loading=\"lazy\" decoding=\"async\" width=\"640\" height=\"541\" src=\"https:\/\/grupoconstructoramonserrate.co\/wp-content\/uploads\/2022\/10\/Palmas-de-la-Frontera-Etapa-IIa-1024x865.jpg\" class=\"attachment-large size-large\" alt=\"\" srcset=\"https:\/\/grupoconstructoramonserrate.co\/wp-content\/uploads\/2022\/10\/Palmas-de-la-Frontera-Etapa-IIa-1024x865.jpg 1024w, https:\/\/grupoconstructoramonserrate.co\/wp-content\/uploads\/2022\/10\/Palmas-de-la-Frontera-Etapa-IIa-300x253.jpg 300w, https:\/\/grupoconstructoramonserrate.co\/wp-content\/uploads\/2022\/10\/Palmas-de-la-Frontera-Etapa-IIa-768x648.jpg 768w, https:\/\/grupoconstructoramonserrate.co\/wp-content\/uploads\/2022\/10\/Palmas-de-la-Frontera-Etapa-IIa-1536x1297.jpg 1536w, https:\/\/grupoconstructoramonserrate.co\/wp-content\/uploads\/2022\/10\/Palmas-de-la-Frontera-Etapa-IIa-2048x1729.jpg 2048w\" sizes=\"auto, (max-width: 640px) 100vw, 640px\" \/>\t\t\t\t\t\t\t\t\t\t\t\t\t\t\t<\/div>\n\t\t\t\t<\/div>\n\t\t\t\t\t<\/div>\n\t\t<\/div>\n\t\t\t\t<div class=\"elementor-column elementor-col-50 elementor-top-column elementor-element elementor-element-ddfc7db\" data-id=\"ddfc7db\" data-element_type=\"column\">\n\t\t\t<div class=\"elementor-widget-wrap elementor-element-populated\">\n\t\t\t\t\t\t\t\t<div class=\"elementor-element elementor-element-bde7693 elementor-widget elementor-widget-heading\" data-id=\"bde7693\" data-element_type=\"widget\" data-widget_type=\"heading.default\">\n\t\t\t\t<div class=\"elementor-widget-container\">\n\t\t\t<style>\/*! elementor - v3.7.7 - 20-09-2022 *\/\n.elementor-heading-title{padding:0;margin:0;line-height:1}.elementor-widget-heading .elementor-heading-title[class*=elementor-size-]>a{color:inherit;font-size:inherit;line-height:inherit}.elementor-widget-heading .elementor-heading-title.elementor-size-small{font-size:15px}.elementor-widget-heading .elementor-heading-title.elementor-size-medium{font-size:19px}.elementor-widget-heading .elementor-heading-title.elementor-size-large{font-size:29px}.elementor-widget-heading .elementor-heading-title.elementor-size-xl{font-size:39px}.elementor-widget-heading .elementor-heading-title.elementor-size-xxl{font-size:59px}<\/style><h2 class=\"elementor-heading-title elementor-size-default\">Palmas de la Frontera Etapa II<\/h2>\t\t<\/div>\n\t\t\t\t<\/div>\n\t\t\t\t<div class=\"elementor-element elementor-element-0a547e9 elementor-widget elementor-widget-text-editor\" data-id=\"0a547e9\" data-element_type=\"widget\" data-widget_type=\"text-editor.default\">\n\t\t\t\t<div class=\"elementor-widget-container\">\n\t\t\t<style>\/*! elementor - v3.7.7 - 20-09-2022 *\/\n.elementor-widget-text-editor.elementor-drop-cap-view-stacked .elementor-drop-cap{background-color:#818a91;color:#fff}.elementor-widget-text-editor.elementor-drop-cap-view-framed .elementor-drop-cap{color:#818a91;border:3px solid;background-color:transparent}.elementor-widget-text-editor:not(.elementor-drop-cap-view-default) .elementor-drop-cap{margin-top:8px}.elementor-widget-text-editor:not(.elementor-drop-cap-view-default) .elementor-drop-cap-letter{width:1em;height:1em}.elementor-widget-text-editor .elementor-drop-cap{float:left;text-align:center;line-height:1;font-size:50px}.elementor-widget-text-editor .elementor-drop-cap-letter{display:inline-block}<\/style>\t\t\t\t<ul>\n<li class=\"has-small-font-size\">Ubicado en la Cra 32 No. 109 A 30 del Municipio de Bucaramanga.<!-- \/wp:paragraph --><!-- wp:paragraph {\"fontSize\":\"small\"} --><\/li>\n<li class=\"has-small-font-size\">Torre de 88 aptos<!-- \/wp:paragraph --><!-- wp:paragraph {\"fontSize\":\"small\"} --><\/li>\n<li class=\"has-small-font-size\">4 niveles de parqueaderos<!-- \/wp:paragraph --><!-- wp:paragraph {\"fontSize\":\"small\"} --><\/li>\n<li class=\"has-small-font-size\">Parqueaderos privados 1\/1<!-- \/wp:paragraph --><!-- wp:paragraph {\"fontSize\":\"small\"} --><\/li>\n<li class=\"has-small-font-size\">Parqueadero de visitantes<!-- \/wp:paragraph --><!-- wp:paragraph {\"fontSize\":\"small\"} --><\/li>\n<li class=\"has-small-font-size\">Dep\u00f3sitos<!-- \/wp:paragraph --><!-- wp:paragraph {\"fontSize\":\"small\"} --><\/li>\n<li class=\"has-small-font-size\">2 ascensores<!-- \/wp:paragraph --><!-- wp:paragraph {\"fontSize\":\"small\"} --><\/li>\n<li class=\"has-small-font-size\">Piscina adultos y ni\u00f1os<!-- \/wp:paragraph --><!-- wp:paragraph {\"fontSize\":\"small\"} --><\/li>\n<li class=\"has-small-font-size\">Turco<!-- \/wp:paragraph --><!-- wp:paragraph {\"fontSize\":\"small\"} --><\/li>\n<li class=\"has-small-font-size\">Gimnasio<!-- \/wp:paragraph --><!-- wp:paragraph {\"fontSize\":\"small\"} --><\/li>\n<li class=\"has-small-font-size\">Zona h\u00fameda<!-- \/wp:paragraph --><!-- wp:paragraph {\"fontSize\":\"small\"} --><\/li>\n<li class=\"has-small-font-size\">Locales comerciales<!-- \/wp:paragraph --><!-- wp:paragraph {\"fontSize\":\"small\"} --><\/li>\n<li class=\"has-small-font-size\">Sal\u00f3n social<!-- \/wp:paragraph --><!-- wp:paragraph {\"fontSize\":\"small\"} --><\/li>\n<li class=\"has-small-font-size\">Terraza<\/li>\n<\/ul>\t\t\t\t\t\t<\/div>\n\t\t\t\t<\/div>\n\t\t\t\t\t<\/div>\n\t\t<\/div>\n\t\t\t\t\t\t\t<\/div>\n\t\t<\/section>\n\t\t\t\t<section class=\"elementor-section elementor-top-section elementor-element elementor-element-70aebdf elementor-section-boxed elementor-section-height-default elementor-section-height-default\" data-id=\"70aebdf\" data-element_type=\"section\">\n\t\t\t\t\t\t<div class=\"elementor-container elementor-column-gap-default\">\n\t\t\t\t\t<div class=\"elementor-column elementor-col-50 elementor-top-column elementor-element elementor-element-2c32836\" data-id=\"2c32836\" data-element_type=\"column\">\n\t\t\t<div class=\"elementor-widget-wrap elementor-element-populated\">\n\t\t\t\t\t\t\t\t<div class=\"elementor-element elementor-element-b518e22 elementor-widget elementor-widget-google_maps\" data-id=\"b518e22\" data-element_type=\"widget\" data-widget_type=\"google_maps.default\">\n\t\t\t\t<div class=\"elementor-widget-container\">\n\t\t\t<style>\/*! elementor - v3.7.7 - 20-09-2022 *\/\n.elementor-widget-google_maps .elementor-widget-container{overflow:hidden}.elementor-widget-google_maps iframe{height:300px}<\/style>\t\t<div class=\"elementor-custom-embed\">\n\t\t\t<iframe frameborder=\"0\" scrolling=\"no\" marginheight=\"0\" marginwidth=\"0\"\n\t\t\t\t\tsrc=\"https:\/\/maps.google.com\/maps?q=Cra%2032%20No.%20109%20A%2030%20del%20Municipio%20de%20Bucaramanga.&#038;t=m&#038;z=10&#038;output=embed&#038;iwloc=near\"\n\t\t\t\t\ttitle=\"Cra 32 No. 109 A 30 del Municipio de Bucaramanga.\"\n\t\t\t\t\taria-label=\"Cra 32 No. 109 A 30 del Municipio de Bucaramanga.\"\n\t\t\t><\/iframe>\n\t\t<\/div>\n\t\t\t\t<\/div>\n\t\t\t\t<\/div>\n\t\t\t\t\t<\/div>\n\t\t<\/div>\n\t\t\t\t<div class=\"elementor-column elementor-col-50 elementor-top-column elementor-element elementor-element-01dd2f4\" data-id=\"01dd2f4\" data-element_type=\"column\">\n\t\t\t<div class=\"elementor-widget-wrap\">\n\t\t\t\t\t\t\t\t\t<\/div>\n\t\t<\/div>\n\t\t\t\t\t\t\t<\/div>\n\t\t<\/section>\n\t\t\t\t<section class=\"elementor-section elementor-top-section elementor-element elementor-element-908fa43 elementor-section-boxed elementor-section-height-default elementor-section-height-default\" data-id=\"908fa43\" data-element_type=\"section\">\n\t\t\t\t\t\t<div class=\"elementor-container elementor-column-gap-default\">\n\t\t\t\t\t<div class=\"elementor-column elementor-col-100 elementor-top-column elementor-element elementor-element-4914e59\" data-id=\"4914e59\" data-element_type=\"column\">\n\t\t\t<div class=\"elementor-widget-wrap elementor-element-populated\">\n\t\t\t\t\t\t\t\t<div class=\"elementor-element elementor-element-b536958 elementor-widget-divider--view-line elementor-widget elementor-widget-divider\" data-id=\"b536958\" data-element_type=\"widget\" data-widget_type=\"divider.default\">\n\t\t\t\t<div class=\"elementor-widget-container\">\n\t\t\t<style>\/*! elementor - v3.7.7 - 20-09-2022 *\/\n.elementor-widget-divider{--divider-border-style:none;--divider-border-width:1px;--divider-color:#2c2c2c;--divider-icon-size:20px;--divider-element-spacing:10px;--divider-pattern-height:24px;--divider-pattern-size:20px;--divider-pattern-url:none;--divider-pattern-repeat:repeat-x}.elementor-widget-divider .elementor-divider{display:-webkit-box;display:-ms-flexbox;display:flex}.elementor-widget-divider .elementor-divider__text{font-size:15px;line-height:1;max-width:95%}.elementor-widget-divider .elementor-divider__element{margin:0 var(--divider-element-spacing);-ms-flex-negative:0;flex-shrink:0}.elementor-widget-divider .elementor-icon{font-size:var(--divider-icon-size)}.elementor-widget-divider .elementor-divider-separator{display:-webkit-box;display:-ms-flexbox;display:flex;margin:0;direction:ltr}.elementor-widget-divider--view-line_icon .elementor-divider-separator,.elementor-widget-divider--view-line_text .elementor-divider-separator{-webkit-box-align:center;-ms-flex-align:center;align-items:center}.elementor-widget-divider--view-line_icon .elementor-divider-separator:after,.elementor-widget-divider--view-line_icon .elementor-divider-separator:before,.elementor-widget-divider--view-line_text .elementor-divider-separator:after,.elementor-widget-divider--view-line_text .elementor-divider-separator:before{display:block;content:\"\";border-bottom:0;-webkit-box-flex:1;-ms-flex-positive:1;flex-grow:1;border-top:var(--divider-border-width) var(--divider-border-style) var(--divider-color)}.elementor-widget-divider--element-align-left .elementor-divider .elementor-divider-separator>.elementor-divider__svg:first-of-type{-webkit-box-flex:0;-ms-flex-positive:0;flex-grow:0;-ms-flex-negative:100;flex-shrink:100}.elementor-widget-divider--element-align-left .elementor-divider-separator:before{content:none}.elementor-widget-divider--element-align-left .elementor-divider__element{margin-left:0}.elementor-widget-divider--element-align-right .elementor-divider .elementor-divider-separator>.elementor-divider__svg:last-of-type{-webkit-box-flex:0;-ms-flex-positive:0;flex-grow:0;-ms-flex-negative:100;flex-shrink:100}.elementor-widget-divider--element-align-right .elementor-divider-separator:after{content:none}.elementor-widget-divider--element-align-right .elementor-divider__element{margin-right:0}.elementor-widget-divider:not(.elementor-widget-divider--view-line_text):not(.elementor-widget-divider--view-line_icon) .elementor-divider-separator{border-top:var(--divider-border-width) var(--divider-border-style) var(--divider-color)}.elementor-widget-divider--separator-type-pattern{--divider-border-style:none}.elementor-widget-divider--separator-type-pattern.elementor-widget-divider--view-line .elementor-divider-separator,.elementor-widget-divider--separator-type-pattern:not(.elementor-widget-divider--view-line) .elementor-divider-separator:after,.elementor-widget-divider--separator-type-pattern:not(.elementor-widget-divider--view-line) .elementor-divider-separator:before,.elementor-widget-divider--separator-type-pattern:not([class*=elementor-widget-divider--view]) .elementor-divider-separator{width:100%;min-height:var(--divider-pattern-height);-webkit-mask-size:var(--divider-pattern-size) 100%;mask-size:var(--divider-pattern-size) 100%;-webkit-mask-repeat:var(--divider-pattern-repeat);mask-repeat:var(--divider-pattern-repeat);background-color:var(--divider-color);-webkit-mask-image:var(--divider-pattern-url);mask-image:var(--divider-pattern-url)}.elementor-widget-divider--no-spacing{--divider-pattern-size:auto}.elementor-widget-divider--bg-round{--divider-pattern-repeat:round}.rtl .elementor-widget-divider .elementor-divider__text{direction:rtl}.e-container>.elementor-widget-divider{width:var(--container-widget-width,100%);--flex-grow:var(--container-widget-flex-grow,0)}<\/style>\t\t<div class=\"elementor-divider\">\n\t\t\t<span class=\"elementor-divider-separator\">\n\t\t\t\t\t\t<\/span>\n\t\t<\/div>\n\t\t\t\t<\/div>\n\t\t\t\t<\/div>\n\t\t\t\t<div class=\"elementor-element elementor-element-eb7824c elementor-nav-menu__align-justify elementor-nav-menu--dropdown-tablet elementor-nav-menu__text-align-aside elementor-nav-menu--toggle elementor-nav-menu--burger elementor-widget elementor-widget-nav-menu\" data-id=\"eb7824c\" data-element_type=\"widget\" data-settings=\"{&quot;layout&quot;:&quot;horizontal&quot;,&quot;submenu_icon&quot;:{&quot;value&quot;:&quot;&lt;i class=\\&quot;fas fa-caret-down\\&quot;&gt;&lt;\\\/i&gt;&quot;,&quot;library&quot;:&quot;fa-solid&quot;},&quot;toggle&quot;:&quot;burger&quot;}\" data-widget_type=\"nav-menu.default\">\n\t\t\t\t<div class=\"elementor-widget-container\">\n\t\t\t<link rel=\"stylesheet\" href=\"https:\/\/grupoconstructoramonserrate.co\/wp-content\/plugins\/pro-elements\/assets\/css\/widget-nav-menu.min.css\">\t\t\t<nav migration_allowed=\"1\" migrated=\"0\" role=\"navigation\" class=\"elementor-nav-menu--main elementor-nav-menu__container elementor-nav-menu--layout-horizontal e--pointer-background e--animation-fade\">\n\t\t\t\t<ul id=\"menu-1-eb7824c\" class=\"elementor-nav-menu\"><li class=\"menu-item menu-item-type-post_type menu-item-object-page menu-item-495\"><a href=\"https:\/\/grupoconstructoramonserrate.co\/index.php\/proyectos-construidos\/palmas-de-la-frontera-etapa-2\/\" class=\"elementor-item\">Palmas de la Frontera Etapa II\ufffc<\/a><\/li>\n<li class=\"menu-item menu-item-type-post_type menu-item-object-page menu-item-496\"><a href=\"https:\/\/grupoconstructoramonserrate.co\/index.php\/proyectos-construidos\/palmas-de-la-frontera-etapa-1\/\" class=\"elementor-item\">Palmas de la Frontera Etapa I<\/a><\/li>\n<li class=\"menu-item menu-item-type-post_type menu-item-object-page menu-item-497\"><a href=\"https:\/\/grupoconstructoramonserrate.co\/index.php\/proyectos-construidos\/torre-davinci\/\" class=\"elementor-item\">Torre Davinci<\/a><\/li>\n<li class=\"menu-item menu-item-type-post_type menu-item-object-page menu-item-498\"><a href=\"https:\/\/grupoconstructoramonserrate.co\/index.php\/proyectos-construidos\/camino-real\/\" class=\"elementor-item\">Camino Real<\/a><\/li>\n<\/ul>\t\t\t<\/nav>\n\t\t\t\t\t<div class=\"elementor-menu-toggle\" role=\"button\" tabindex=\"0\" aria-label=\"Menu Toggle\" aria-expanded=\"false\">\n\t\t\t<i aria-hidden=\"true\" role=\"presentation\" class=\"elementor-menu-toggle__icon--open eicon-menu-bar\"><\/i><i aria-hidden=\"true\" role=\"presentation\" class=\"elementor-menu-toggle__icon--close eicon-close\"><\/i>\t\t\t<span class=\"elementor-screen-only\">Menu<\/span>\n\t\t<\/div>\n\t\t\t<nav class=\"elementor-nav-menu--dropdown elementor-nav-menu__container\" role=\"navigation\" aria-hidden=\"true\">\n\t\t\t\t<ul id=\"menu-2-eb7824c\" class=\"elementor-nav-menu\"><li class=\"menu-item menu-item-type-post_type menu-item-object-page menu-item-495\"><a href=\"https:\/\/grupoconstructoramonserrate.co\/index.php\/proyectos-construidos\/palmas-de-la-frontera-etapa-2\/\" class=\"elementor-item\" tabindex=\"-1\">Palmas de la Frontera Etapa II\ufffc<\/a><\/li>\n<li class=\"menu-item menu-item-type-post_type menu-item-object-page menu-item-496\"><a href=\"https:\/\/grupoconstructoramonserrate.co\/index.php\/proyectos-construidos\/palmas-de-la-frontera-etapa-1\/\" class=\"elementor-item\" tabindex=\"-1\">Palmas de la Frontera Etapa I<\/a><\/li>\n<li class=\"menu-item menu-item-type-post_type menu-item-object-page menu-item-497\"><a href=\"https:\/\/grupoconstructoramonserrate.co\/index.php\/proyectos-construidos\/torre-davinci\/\" class=\"elementor-item\" tabindex=\"-1\">Torre Davinci<\/a><\/li>\n<li class=\"menu-item menu-item-type-post_type menu-item-object-page menu-item-498\"><a href=\"https:\/\/grupoconstructoramonserrate.co\/index.php\/proyectos-construidos\/camino-real\/\" class=\"elementor-item\" tabindex=\"-1\">Camino Real<\/a><\/li>\n<\/ul>\t\t\t<\/nav>\n\t\t\t\t<\/div>\n\t\t\t\t<\/div>\n\t\t\t\t\t<\/div>\n\t\t<\/div>\n\t\t\t\t\t\t\t<\/div>\n\t\t<\/section>\n\t\t\t\t\t\t\t<\/div>\n\t\t","protected":false},"excerpt":{"rendered":"<p>Palmas de la Frontera Etapa II Ubicado en la Cra 32 No. 109 A 30 del Municipio de Bucaramanga. Torre de 88 aptos 4 niveles de parqueaderos Parqueaderos privados 1\/1 Parqueadero de visitantes Dep\u00f3sitos 2 ascensores Piscina adultos y ni\u00f1os Turco Gimnasio Zona h\u00fameda Locales comerciales Sal\u00f3n social Terraza<\/p>\n","protected":false},"author":1,"featured_media":0,"parent":2,"menu_order":3,"comment_status":"closed","ping_status":"closed","template":"page-templates\/full-width.php","meta":{"om_disable_all_campaigns":false,"_monsterinsights_skip_tracking":false,"_monsterinsights_sitenote_active":false,"_monsterinsights_sitenote_note":"","_monsterinsights_sitenote_category":0,"_themeisle_gutenberg_block_has_review":false,"_joinchat":[],"footnotes":""},"class_list":["post-476","page","type-page","status-publish","hentry"],"aioseo_notices":[],"_links":{"self":[{"href":"https:\/\/grupoconstructoramonserrate.co\/index.php\/wp-json\/wp\/v2\/pages\/476","targetHints":{"allow":["GET"]}}],"collection":[{"href":"https:\/\/grupoconstructoramonserrate.co\/index.php\/wp-json\/wp\/v2\/pages"}],"about":[{"href":"https:\/\/grupoconstructoramonserrate.co\/index.php\/wp-json\/wp\/v2\/types\/page"}],"author":[{"embeddable":true,"href":"https:\/\/grupoconstructoramonserrate.co\/index.php\/wp-json\/wp\/v2\/users\/1"}],"replies":[{"embeddable":true,"href":"https:\/\/grupoconstructoramonserrate.co\/index.php\/wp-json\/wp\/v2\/comments?post=476"}],"version-history":[{"count":30,"href":"https:\/\/grupoconstructoramonserrate.co\/index.php\/wp-json\/wp\/v2\/pages\/476\/revisions"}],"predecessor-version":[{"id":558,"href":"https:\/\/grupoconstructoramonserrate.co\/index.php\/wp-json\/wp\/v2\/pages\/476\/revisions\/558"}],"up":[{"embeddable":true,"href":"https:\/\/grupoconstructoramonserrate.co\/index.php\/wp-json\/wp\/v2\/pages\/2"}],"wp:attachment":[{"href":"https:\/\/grupoconstructoramonserrate.co\/index.php\/wp-json\/wp\/v2\/media?parent=476"}],"curies":[{"name":"wp","href":"https:\/\/api.w.org\/{rel}","templated":true}]}}